{"id":3411,"date":"2023-05-09T08:22:43","date_gmt":"2023-05-09T08:22:43","guid":{"rendered":"https:\/\/arti.si\/?page_id=3411"},"modified":"2023-09-21T14:16:44","modified_gmt":"2023-09-21T14:16:44","slug":"splosni-pogoji","status":"publish","type":"page","link":"https:\/\/arti.si\/en\/splosni-pogoji\/","title":{"rendered":"General terms and conditions"},"content":{"rendered":"<div data-elementor-type=\"wp-page\" data-elementor-id=\"3411\" class=\"elementor elementor-3411\">\n\t\t\t\t\t\t\t\t\t<section class=\"elementor-section elementor-top-section elementor-element elementor-element-63b68f1 elementor-section-boxed elementor-section-height-default elementor-section-height-default\" data-id=\"63b68f1\" data-element_type=\"section\">\n\t\t\t\t\t\t<div class=\"elementor-container elementor-column-gap-default\">\n\t\t\t\t\t<div class=\"elementor-column elementor-col-100 elementor-top-column elementor-element elementor-element-406ca96\" data-id=\"406ca96\" data-element_type=\"column\">\n\t\t\t<div class=\"elementor-widget-wrap elementor-element-populated\">\n\t\t\t\t\t\t\t\t<div class=\"elementor-element elementor-element-6a63e2a elementor-widget elementor-widget-text-editor\" data-id=\"6a63e2a\" data-element_type=\"widget\" data-widget_type=\"text-editor.default\">\n\t\t\t\t<div class=\"elementor-widget-container\">\n\t\t\t<style>\/*! elementor - v3.12.1 - 02-04-2023 *\/\n.elementor-widget-text-editor.elementor-drop-cap-view-stacked .elementor-drop-cap{background-color:#69727d;color:#fff}.elementor-widget-text-editor.elementor-drop-cap-view-framed .elementor-drop-cap{color:#69727d;border:3px solid;background-color:transparent}.elementor-widget-text-editor:not(.elementor-drop-cap-view-default) .elementor-drop-cap{margin-top:8px}.elementor-widget-text-editor:not(.elementor-drop-cap-view-default) .elementor-drop-cap-letter{width:1em;height:1em}.elementor-widget-text-editor .elementor-drop-cap{float:left;text-align:center;line-height:1;font-size:50px}.elementor-widget-text-editor .elementor-drop-cap-letter{display:inline-block}<\/style>\t\t\t\t<p><strong>General Terms and Conditions<\/strong><\/p><p>\u00a0<\/p><p>Web page <strong>arti.si<\/strong> (<em>hereinafter: the website) <\/em>is presenting general information, projects and contacts of the company ARTI IN\u017dENIRING d.o.o., Ulica Ivana Suli\u010da 6A, 5290 \u0160empeter pri Gorici, which is also the administrator of the website <em>the website administrator).<\/em>).<\/p><p>Please read these Terms and Conditions carefully, since they apply to anyone who visits this website. By using the website the user confirms that he\/she has accepted the conditions described herein and agrees with them. If you do not agree with these terms and conditions please do not use this website.<\/p><p>\u00a0<\/p><ul><li><strong>Limitation of Liability: <\/strong>The website administrator shall not be liable for any damages\nof any kind that may result from the use or inability to use the website. All data\npublished on the website are for information purposes only and must be checked with\nthe administrator&#039;s employees before use. The information provided to you through this\nwebsite is not updated continuously but at regular intervals. Consequently, any\ninformation supplied to you through this website will pertain to the date and time when\nit was last updated and not as the date and time when it is supplied to you. The website\nadministrator shall not be liable for any loss that you may suffer by relying on or acting\non such information. The website administrator reserves the right to change, add or\nremove the content of these websites at any time, in any way, in part or in full, for any\nreason and without prior notice. The website administrator is not responsible for the\npossible consequences of these changes.<\/li><\/ul><p>\u00a0<\/p><ul><li><strong>Copyrights:<\/strong> The website administrator is the copyright holder of all copyrighted\ncontent published on the website with the exception of third party materials for which\nauthorship is specifically stated. Reproduction, public publication, distribution or other\nillegal use or modification of all published content is prohibited without express written\npermission. Use and reproduction to a limited extent is permitted only for educational\npurposes and for private and non-commercial use and to ensure the public&#039;s right to\ninformation. The Copyright and Related Rights Act (ZASP), which is valid at all times,\napplies to all issues related to the copyright.<\/li><\/ul><p><strong>\u00a0<\/strong><\/p><ul><li><strong>Third Party Content:<\/strong> The website can contain information from third parties and links\nto third party websites, but the website administrator is not responsible for their\ncontent. When visiting and using the linked websites, the website administrator&#039;s\nliability is excluded in all cases.<\/li><\/ul><p>\u00a0<\/p><ul><li><strong>Use of Information:<\/strong><\/li><\/ul><p>Users commit to:<\/p><ul><li>not to abuse the website for illegal purposes;<\/li><li>not to distribute copyrighted content on the website;<\/li><li>not to attempt to obtain, gather and\/or store personal information of other users;<\/li><li>not to use computer codes, harmful programmes or anything that would disturb,\ndisable, or harm the website, its services, the administrator and its software and\nhardware.<\/li><\/ul><p>\u00a0<\/p><p>The use of the website in violation of the stated conditions is prohibited. The user who uses the\nwebsite in a manner that is in conflict with the stated rules is fully liable for damages and under\ncriminal law.\u00a0<\/p><p>Nova Gorica in May 2023<\/p>\t\t\t\t\t\t<\/div>\n\t\t\t\t<\/div>\n\t\t\t\t\t<\/div>\n\t\t<\/div>\n\t\t\t\t\t\t\t<\/div>\n\t\t<\/section>\n\t\t\t\t<section class=\"elementor-section elementor-top-section elementor-element elementor-element-dd7feeb elementor-section-boxed elementor-section-height-default elementor-section-height-default\" data-id=\"dd7feeb\" data-element_type=\"section\">\n\t\t\t\t\t\t<div class=\"elementor-container elementor-column-gap-default\">\n\t\t\t\t\t<div class=\"elementor-column elementor-col-100 elementor-top-column elementor-element elementor-element-7f0b377\" data-id=\"7f0b377\" data-element_type=\"column\">\n\t\t\t<div class=\"elementor-widget-wrap\">\n\t\t\t\t\t\t\t\t\t<\/div>\n\t\t<\/div>\n\t\t\t\t\t\t\t<\/div>\n\t\t<\/section>\n\t\t\t\t<section class=\"elementor-section elementor-top-section elementor-element elementor-element-40080ad elementor-section-boxed elementor-section-height-default elementor-section-height-default\" data-id=\"40080ad\" data-element_type=\"section\">\n\t\t\t\t\t\t<div class=\"elementor-container elementor-column-gap-default\">\n\t\t\t\t\t<div class=\"elementor-column elementor-col-33 elementor-top-column elementor-element elementor-element-1c81921\" data-id=\"1c81921\" data-element_type=\"column\">\n\t\t\t<div class=\"elementor-widget-wrap elementor-element-populated\">\n\t\t\t\t\t\t\t\t<div class=\"elementor-element elementor-element-b4766bd elementor-widget elementor-widget-heading\" data-id=\"b4766bd\" data-element_type=\"widget\" data-widget_type=\"heading.default\">\n\t\t\t\t<div class=\"elementor-widget-container\">\n\t\t\t<style>\/*! elementor - v3.12.1 - 02-04-2023 *\/\n.elementor-heading-title{padding:0;margin:0;line-height:1}.elementor-widget-heading .elementor-heading-title[class*=elementor-size-]>a{color:inherit;font-size:inherit;line-height:inherit}.elementor-widget-heading .elementor-heading-title.elementor-size-small{font-size:15px}.elementor-widget-heading .elementor-heading-title.elementor-size-medium{font-size:19px}.elementor-widget-heading .elementor-heading-title.elementor-size-large{font-size:29px}.elementor-widget-heading .elementor-heading-title.elementor-size-xl{font-size:39px}.elementor-widget-heading .elementor-heading-title.elementor-size-xxl{font-size:59px}<\/style><h2 class=\"elementor-heading-title elementor-size-default\">Email<\/h2>\t\t<\/div>\n\t\t\t\t<\/div>\n\t\t\t\t<div class=\"elementor-element elementor-element-8eae564 elementor-widget elementor-widget-text-editor\" data-id=\"8eae564\" data-element_type=\"widget\" data-widget_type=\"text-editor.default\">\n\t\t\t\t<div class=\"elementor-widget-container\">\n\t\t\t\t\t\t\t<p><a href=\"mailto:tajni\u0161tvo@arti.si\">tajnistvo@arti.si<\/a><\/p>\t\t\t\t\t\t<\/div>\n\t\t\t\t<\/div>\n\t\t\t\t\t<\/div>\n\t\t<\/div>\n\t\t\t\t<div class=\"elementor-column elementor-col-33 elementor-top-column elementor-element elementor-element-2c1f382\" data-id=\"2c1f382\" data-element_type=\"column\">\n\t\t\t<div class=\"elementor-widget-wrap elementor-element-populated\">\n\t\t\t\t\t\t\t\t<div class=\"elementor-element elementor-element-7e93b7b elementor-widget elementor-widget-heading\" data-id=\"7e93b7b\" data-element_type=\"widget\" data-widget_type=\"heading.default\">\n\t\t\t\t<div class=\"elementor-widget-container\">\n\t\t\t<h2 class=\"elementor-heading-title elementor-size-default\">Phone<\/h2>\t\t<\/div>\n\t\t\t\t<\/div>\n\t\t\t\t<div class=\"elementor-element elementor-element-f24f734 elementor-widget elementor-widget-text-editor\" data-id=\"f24f734\" data-element_type=\"widget\" data-widget_type=\"text-editor.default\">\n\t\t\t\t<div class=\"elementor-widget-container\">\n\t\t\t\t\t\t\t<p>+386 (0)5 333 27 20<br \/>+ 386 (0)31 628 329<\/p>\t\t\t\t\t\t<\/div>\n\t\t\t\t<\/div>\n\t\t\t\t\t<\/div>\n\t\t<\/div>\n\t\t\t\t<div class=\"elementor-column elementor-col-33 elementor-top-column elementor-element elementor-element-0ce75b0\" data-id=\"0ce75b0\" data-element_type=\"column\">\n\t\t\t<div class=\"elementor-widget-wrap elementor-element-populated\">\n\t\t\t\t\t\t\t\t<div class=\"elementor-element elementor-element-0af8f5e elementor-widget elementor-widget-heading\" data-id=\"0af8f5e\" data-element_type=\"widget\" data-widget_type=\"heading.default\">\n\t\t\t\t<div class=\"elementor-widget-container\">\n\t\t\t<h2 class=\"elementor-heading-title elementor-size-default\">Business Card<\/h2>\t\t<\/div>\n\t\t\t\t<\/div>\n\t\t\t\t<div class=\"elementor-element elementor-element-b71ff16 elementor-widget elementor-widget-text-editor\" data-id=\"b71ff16\" data-element_type=\"widget\" data-widget_type=\"text-editor.default\">\n\t\t\t\t<div class=\"elementor-widget-container\">\n\t\t\t\t\t\t\t<p>ARTI IN\u017dENIRING d.o.o.<br \/>Ulica Ivana Suli\u010da 6A<br \/>5290 \u0160empeter pri Gorici<br \/>ID number: 2246783000<br \/>Tax number: SI 70778191<br \/>Registered: District Court in Nova Gorica, no. of investment 1\/04894\/00<\/p>\t\t\t\t\t\t<\/div>\n\t\t\t\t<\/div>\n\t\t\t\t\t<\/div>\n\t\t<\/div>\n\t\t\t\t\t\t\t<\/div>\n\t\t<\/section>\n\t\t\t\t<section class=\"elementor-section elementor-top-section elementor-element elementor-element-e1b6a29 elementor-section-boxed elementor-section-height-default elementor-section-height-default\" data-id=\"e1b6a29\" data-element_type=\"section\">\n\t\t\t\t\t\t<div class=\"elementor-container elementor-column-gap-default\">\n\t\t\t\t\t<div class=\"elementor-column elementor-col-100 elementor-top-column elementor-element elementor-element-bcf54dc\" data-id=\"bcf54dc\" data-element_type=\"column\">\n\t\t\t<div class=\"elementor-widget-wrap\">\n\t\t\t\t\t\t\t\t\t<\/div>\n\t\t<\/div>\n\t\t\t\t\t\t\t<\/div>\n\t\t<\/section>\n\t\t\t\t<section class=\"elementor-section elementor-top-section elementor-element elementor-element-c65ac6f elementor-section-boxed elementor-section-height-default elementor-section-height-default\" data-id=\"c65ac6f\" data-element_type=\"section\">\n\t\t\t\t\t\t<div class=\"elementor-container elementor-column-gap-default\">\n\t\t\t\t\t<div class=\"elementor-column elementor-col-33 elementor-top-column elementor-element elementor-element-fc80c16\" data-id=\"fc80c16\" data-element_type=\"column\">\n\t\t\t<div class=\"elementor-widget-wrap elementor-element-populated\">\n\t\t\t\t\t\t\t\t<div class=\"elementor-element elementor-element-6ce49ca elementor-widget elementor-widget-text-editor\" data-id=\"6ce49ca\" data-element_type=\"widget\" data-widget_type=\"text-editor.default\">\n\t\t\t\t<div class=\"elementor-widget-container\">\n\t\t\t\t\t\t\t<p>\u00a9 Copyright 2023 Arti. Developed by Ni\u0110o.<\/p>\t\t\t\t\t\t<\/div>\n\t\t\t\t<\/div>\n\t\t\t\t\t<\/div>\n\t\t<\/div>\n\t\t\t\t<div class=\"elementor-column elementor-col-33 elementor-top-column elementor-element elementor-element-c5fadaa\" data-id=\"c5fadaa\" data-element_type=\"column\">\n\t\t\t<div class=\"elementor-widget-wrap elementor-element-populated\">\n\t\t\t\t\t\t\t\t<div class=\"elementor-element elementor-element-eac1ee8 elementor-widget elementor-widget-text-editor\" data-id=\"eac1ee8\" data-element_type=\"widget\" data-widget_type=\"text-editor.default\">\n\t\t\t\t<div class=\"elementor-widget-container\">\n\t\t\t\t\t\t\t<p><a href=\"https:\/\/arti.si\/en\/splosni-pogoji\/\">General terms and conditions<\/a><br \/><a href=\"https:\/\/arti.si\/en\/politika-zasebnosti\/\">Privacy policy<\/a><br \/><a href=\"https:\/\/arti.si\/en\/piskotki\/\">Cookie policy<\/a><\/p>\t\t\t\t\t\t<\/div>\n\t\t\t\t<\/div>\n\t\t\t\t\t<\/div>\n\t\t<\/div>\n\t\t\t\t<div class=\"elementor-column elementor-col-33 elementor-top-column elementor-element elementor-element-ccc74fc\" data-id=\"ccc74fc\" data-element_type=\"column\">\n\t\t\t<div class=\"elementor-widget-wrap\">\n\t\t\t\t\t\t\t\t\t<\/div>\n\t\t<\/div>\n\t\t\t\t\t\t\t<\/div>\n\t\t<\/section>\n\t\t\t\t\t\t\t<\/div>","protected":false},"excerpt":{"rendered":"<p>Splo\u0161ni pogoji uporabe spletne strani \u00a0 Spletna stran arti.si (v nadaljevanju: spletna stran) je namenjena predstavitvi, projektom in kontaktiranju podjetja ARTI IN\u017dENIRING d.o.o., Ulica Ivana Suli\u010da 6A, 5290 \u0160empeter pri Gorici, ki je prav tako skrbnik spletne strani (v nadaljevanju: skrbnik spletne strani). Prosimo vas, da natan\u010dno preberete te pogoje, ki se nana\u0161ajo na vsakogar, ki obi\u0161\u010de spletno stran. Z&#8230;<\/p>","protected":false},"author":1,"featured_media":0,"parent":0,"menu_order":0,"comment_status":"closed","ping_status":"closed","template":"","meta":{"footnotes":"","_links_to":"","_links_to_target":""},"class_list":["post-3411","page","type-page","status-publish","hentry"],"_links":{"self":[{"href":"https:\/\/arti.si\/en\/wp-json\/wp\/v2\/pages\/3411","targetHints":{"allow":["GET"]}}],"collection":[{"href":"https:\/\/arti.si\/en\/wp-json\/wp\/v2\/pages"}],"about":[{"href":"https:\/\/arti.si\/en\/wp-json\/wp\/v2\/types\/page"}],"author":[{"embeddable":true,"href":"https:\/\/arti.si\/en\/wp-json\/wp\/v2\/users\/1"}],"replies":[{"embeddable":true,"href":"https:\/\/arti.si\/en\/wp-json\/wp\/v2\/comments?post=3411"}],"version-history":[{"count":13,"href":"https:\/\/arti.si\/en\/wp-json\/wp\/v2\/pages\/3411\/revisions"}],"predecessor-version":[{"id":3595,"href":"https:\/\/arti.si\/en\/wp-json\/wp\/v2\/pages\/3411\/revisions\/3595"}],"wp:attachment":[{"href":"https:\/\/arti.si\/en\/wp-json\/wp\/v2\/media?parent=3411"}],"curies":[{"name":"wp","href":"https:\/\/api.w.org\/{rel}","templated":true}]}}